{"id":5613,"date":"2024-09-17T06:44:32","date_gmt":"2024-09-16T21:44:32","guid":{"rendered":"https:\/\/flyingstudio.com.br\/es\/?page_id=5613"},"modified":"2024-09-20T05:51:59","modified_gmt":"2024-09-19T20:51:59","slug":"dna-flying-studio","status":"publish","type":"page","link":"https:\/\/flyingstudio.com.br\/es\/dna-flying-studio\/","title":{"rendered":"DNA Flying Studio"},"content":{"rendered":"\t\t<div data-elementor-type=\"wp-page\" data-elementor-id=\"5613\" class=\"elementor elementor-5613\" data-elementor-post-type=\"page\">\n\t\t\t\t<div class=\"elementor-element elementor-element-1db16fc e-flex e-con-boxed e-con e-parent\" data-id=\"1db16fc\" data-element_type=\"container\" data-settings=\"{&quot;background_background&quot;:&quot;classic&quot;,&quot;_ha_eqh_enable&quot;:false}\">\n\t\t\t\t\t<div class=\"e-con-inner\">\n\t\t<div class=\"elementor-element elementor-element-3b7671c e-con-full elementor-hidden-desktop e-flex e-con e-child\" data-id=\"3b7671c\" data-element_type=\"container\" data-settings=\"{&quot;_ha_eqh_enable&quot;:false}\">\n\t\t\t\t<div class=\"elementor-element elementor-element-7b7706b elementor-widget-tablet__width-initial elementor-widget-mobile__width-initial elementor-widget elementor-widget-image\" data-id=\"7b7706b\" data-element_type=\"widget\" data-widget_type=\"image.default\">\n\t\t\t\t<div class=\"elementor-widget-container\">\n\t\t\t<style>\/*! elementor - v3.23.0 - 05-08-2024 *\/\n.elementor-widget-image{text-align:center}.elementor-widget-image a{display:inline-block}.elementor-widget-image a img[src$=\".svg\"]{width:48px}.elementor-widget-image img{vertical-align:middle;display:inline-block}<\/style>\t\t\t\t\t\t\t\t\t\t<img decoding=\"async\" width=\"47\" height=\"49\" src=\"https:\/\/flyingstudio.com.br\/es\/wp-content\/uploads\/2024\/07\/Group-99.png\" class=\"attachment-full size-full wp-image-418\" alt=\"\" \/>\t\t\t\t\t\t\t\t\t\t\t\t\t<\/div>\n\t\t\t\t<\/div>\n\t\t\t\t<div class=\"elementor-element elementor-element-ed3a535 elementor-widget elementor-widget-image\" data-id=\"ed3a535\" data-element_type=\"widget\" data-widget_type=\"image.default\">\n\t\t\t\t<div class=\"elementor-widget-container\">\n\t\t\t<style>\/*! elementor - v3.23.0 - 05-08-2024 *\/\n.elementor-widget-image{text-align:center}.elementor-widget-image a{display:inline-block}.elementor-widget-image a img[src$=\".svg\"]{width:48px}.elementor-widget-image img{vertical-align:middle;display:inline-block}<\/style>\t\t\t\t\t\t\t\t\t\t\t<a href=\"#elementor-action%3Aaction%3Dpopup%3Aopen%26settings%3DeyJpZCI6IjczOCIsInRvZ2dsZSI6ZmFsc2V9\">\n\t\t\t\t\t\t\t<img decoding=\"async\" width=\"64\" height=\"64\" src=\"https:\/\/flyingstudio.com.br\/es\/wp-content\/uploads\/2024\/07\/Group-101.svg\" class=\"attachment-full size-full wp-image-435\" alt=\"\" \/>\t\t\t\t\t\t\t\t<\/a>\n\t\t\t\t\t\t\t\t\t\t\t\t\t<\/div>\n\t\t\t\t<\/div>\n\t\t\t\t<\/div>\n\t\t<div class=\"elementor-element elementor-element-9137f7b e-flex e-con-boxed e-con e-child\" data-id=\"9137f7b\" data-element_type=\"container\" data-settings=\"{&quot;_ha_eqh_enable&quot;:false}\">\n\t\t\t\t\t<div class=\"e-con-inner\">\n\t\t\t\t<div class=\"elementor-element elementor-element-fe54fa2 elementor-widget__width-inherit elementor-widget elementor-widget-heading\" data-id=\"fe54fa2\" data-element_type=\"widget\" data-widget_type=\"heading.default\">\n\t\t\t\t<div class=\"elementor-widget-container\">\n\t\t\t<h2 class=\"elementor-heading-title elementor-size-default\">DNA Flying Studio.<\/h2>\t\t<\/div>\n\t\t\t\t<\/div>\n\t\t\t\t\t<\/div>\n\t\t\t\t<\/div>\n\t\t<div class=\"elementor-element elementor-element-f043cd0 e-flex e-con-boxed e-con e-child\" data-id=\"f043cd0\" data-element_type=\"container\" data-settings=\"{&quot;_ha_eqh_enable&quot;:false}\">\n\t\t\t\t\t<div class=\"e-con-inner\">\n\t\t\t\t<div class=\"elementor-element elementor-element-c843b08 elementor-pagination-position-outside elementor-widget elementor-widget-image-carousel\" data-id=\"c843b08\" data-element_type=\"widget\" data-settings=\"{&quot;navigation&quot;:&quot;dots&quot;,&quot;lazyload&quot;:&quot;yes&quot;,&quot;autoplay&quot;:&quot;yes&quot;,&quot;pause_on_hover&quot;:&quot;yes&quot;,&quot;pause_on_interaction&quot;:&quot;yes&quot;,&quot;autoplay_speed&quot;:5000,&quot;infinite&quot;:&quot;yes&quot;,&quot;speed&quot;:500,&quot;image_spacing_custom&quot;:{&quot;unit&quot;:&quot;px&quot;,&quot;size&quot;:20,&quot;sizes&quot;:[]},&quot;image_spacing_custom_tablet&quot;:{&quot;unit&quot;:&quot;px&quot;,&quot;size&quot;:&quot;&quot;,&quot;sizes&quot;:[]},&quot;image_spacing_custom_mobile&quot;:{&quot;unit&quot;:&quot;px&quot;,&quot;size&quot;:&quot;&quot;,&quot;sizes&quot;:[]}}\" data-widget_type=\"image-carousel.default\">\n\t\t\t\t<div class=\"elementor-widget-container\">\n\t\t\t<style>\/*! elementor - v3.23.0 - 05-08-2024 *\/\n.elementor-widget-image-carousel .swiper,.elementor-widget-image-carousel .swiper-container{position:static}.elementor-widget-image-carousel .swiper-container .swiper-slide figure,.elementor-widget-image-carousel .swiper .swiper-slide figure{line-height:inherit}.elementor-widget-image-carousel .swiper-slide{text-align:center}.elementor-image-carousel-wrapper:not(.swiper-container-initialized):not(.swiper-initialized) .swiper-slide{max-width:calc(100% \/ var(--e-image-carousel-slides-to-show, 3))}<\/style>\t\t<div class=\"elementor-image-carousel-wrapper swiper\" dir=\"ltr\">\n\t\t\t<div class=\"elementor-image-carousel swiper-wrapper swiper-image-stretch\" aria-live=\"off\">\n\t\t\t\t\t\t\t\t<div class=\"swiper-slide\" role=\"group\" aria-roledescription=\"slide\" aria-label=\"1 de 5\"><a data-elementor-open-lightbox=\"yes\" data-elementor-lightbox-slideshow=\"c843b08\" data-elementor-lightbox-title=\"FOTO01\" data-e-action-hash=\"#elementor-action%3Aaction%3Dlightbox%26settings%3DeyJpZCI6NTUwNiwidXJsIjoiaHR0cHM6XC9cL2ZseWluZ3N0dWRpby5jb20uYnJcL2VzXC93cC1jb250ZW50XC91cGxvYWRzXC8yMDI0XC8wOVwvRk9UTzAxLXNjYWxlZC5qcGciLCJzbGlkZXNob3ciOiJjODQzYjA4In0%3D\" href=\"https:\/\/flyingstudio.com.br\/es\/wp-content\/uploads\/2024\/09\/FOTO01-scaled.jpg\"><figure class=\"swiper-slide-inner\"><img class=\"swiper-slide-image swiper-lazy\" data-src=\"https:\/\/flyingstudio.com.br\/es\/wp-content\/uploads\/2024\/09\/FOTO01-scaled.jpg\" alt=\"FOTO01\" \/><div class=\"swiper-lazy-preloader\"><\/div><\/figure><\/a><\/div><div class=\"swiper-slide\" role=\"group\" aria-roledescription=\"slide\" aria-label=\"2 de 5\"><a data-elementor-open-lightbox=\"yes\" data-elementor-lightbox-slideshow=\"c843b08\" data-elementor-lightbox-title=\"FOTO02\" data-e-action-hash=\"#elementor-action%3Aaction%3Dlightbox%26settings%3DeyJpZCI6NTUwNywidXJsIjoiaHR0cHM6XC9cL2ZseWluZ3N0dWRpby5jb20uYnJcL2VzXC93cC1jb250ZW50XC91cGxvYWRzXC8yMDI0XC8wOVwvRk9UTzAyLXNjYWxlZC5qcGciLCJzbGlkZXNob3ciOiJjODQzYjA4In0%3D\" href=\"https:\/\/flyingstudio.com.br\/es\/wp-content\/uploads\/2024\/09\/FOTO02-scaled.jpg\"><figure class=\"swiper-slide-inner\"><img class=\"swiper-slide-image swiper-lazy\" data-src=\"https:\/\/flyingstudio.com.br\/es\/wp-content\/uploads\/2024\/09\/FOTO02-scaled.jpg\" alt=\"FOTO02\" \/><div class=\"swiper-lazy-preloader\"><\/div><\/figure><\/a><\/div><div class=\"swiper-slide\" role=\"group\" aria-roledescription=\"slide\" aria-label=\"3 de 5\"><a data-elementor-open-lightbox=\"yes\" data-elementor-lightbox-slideshow=\"c843b08\" data-elementor-lightbox-title=\"FOTO03\" data-e-action-hash=\"#elementor-action%3Aaction%3Dlightbox%26settings%3DeyJpZCI6NTUwOCwidXJsIjoiaHR0cHM6XC9cL2ZseWluZ3N0dWRpby5jb20uYnJcL2VzXC93cC1jb250ZW50XC91cGxvYWRzXC8yMDI0XC8wOVwvRk9UTzAzLXNjYWxlZC5qcGciLCJzbGlkZXNob3ciOiJjODQzYjA4In0%3D\" href=\"https:\/\/flyingstudio.com.br\/es\/wp-content\/uploads\/2024\/09\/FOTO03-scaled.jpg\"><figure class=\"swiper-slide-inner\"><img class=\"swiper-slide-image swiper-lazy\" data-src=\"https:\/\/flyingstudio.com.br\/es\/wp-content\/uploads\/2024\/09\/FOTO03-scaled.jpg\" alt=\"FOTO03\" \/><div class=\"swiper-lazy-preloader\"><\/div><\/figure><\/a><\/div><div class=\"swiper-slide\" role=\"group\" aria-roledescription=\"slide\" aria-label=\"4 de 5\"><a data-elementor-open-lightbox=\"yes\" data-elementor-lightbox-slideshow=\"c843b08\" data-elementor-lightbox-title=\"FOTO04\" data-e-action-hash=\"#elementor-action%3Aaction%3Dlightbox%26settings%3DeyJpZCI6NTUwOSwidXJsIjoiaHR0cHM6XC9cL2ZseWluZ3N0dWRpby5jb20uYnJcL2VzXC93cC1jb250ZW50XC91cGxvYWRzXC8yMDI0XC8wOVwvRk9UTzA0LXNjYWxlZC5qcGciLCJzbGlkZXNob3ciOiJjODQzYjA4In0%3D\" href=\"https:\/\/flyingstudio.com.br\/es\/wp-content\/uploads\/2024\/09\/FOTO04-scaled.jpg\"><figure class=\"swiper-slide-inner\"><img class=\"swiper-slide-image swiper-lazy\" data-src=\"https:\/\/flyingstudio.com.br\/es\/wp-content\/uploads\/2024\/09\/FOTO04-scaled.jpg\" alt=\"FOTO04\" \/><div class=\"swiper-lazy-preloader\"><\/div><\/figure><\/a><\/div><div class=\"swiper-slide\" role=\"group\" aria-roledescription=\"slide\" aria-label=\"5 de 5\"><a data-elementor-open-lightbox=\"yes\" data-elementor-lightbox-slideshow=\"c843b08\" data-elementor-lightbox-title=\"FOTO05\" data-e-action-hash=\"#elementor-action%3Aaction%3Dlightbox%26settings%3DeyJpZCI6NTUxMCwidXJsIjoiaHR0cHM6XC9cL2ZseWluZ3N0dWRpby5jb20uYnJcL2VzXC93cC1jb250ZW50XC91cGxvYWRzXC8yMDI0XC8wOVwvRk9UTzA1LXNjYWxlZC5qcGciLCJzbGlkZXNob3ciOiJjODQzYjA4In0%3D\" href=\"https:\/\/flyingstudio.com.br\/es\/wp-content\/uploads\/2024\/09\/FOTO05-scaled.jpg\"><figure class=\"swiper-slide-inner\"><img class=\"swiper-slide-image swiper-lazy\" data-src=\"https:\/\/flyingstudio.com.br\/es\/wp-content\/uploads\/2024\/09\/FOTO05-scaled.jpg\" alt=\"FOTO05\" \/><div class=\"swiper-lazy-preloader\"><\/div><\/figure><\/a><\/div>\t\t\t<\/div>\n\t\t\t\t\t\t\t\n\t\t\t\t\t\t\t\t\t<div class=\"swiper-pagination\"><\/div>\n\t\t\t\t\t\t\t\t\t<\/div>\n\t\t\t\t<\/div>\n\t\t\t\t<\/div>\n\t\t\t\t<div class=\"elementor-element elementor-element-e3099c4 elementor-widget__width-initial elementor-widget elementor-widget-image-box\" data-id=\"e3099c4\" data-element_type=\"widget\" data-widget_type=\"image-box.default\">\n\t\t\t\t<div class=\"elementor-widget-container\">\n\t\t\t<style>\/*! elementor - v3.23.0 - 05-08-2024 *\/\n.elementor-widget-image-box .elementor-image-box-content{width:100%}@media (min-width:768px){.elementor-widget-image-box.elementor-position-left .elementor-image-box-wrapper,.elementor-widget-image-box.elementor-position-right .elementor-image-box-wrapper{display:flex}.elementor-widget-image-box.elementor-position-right .elementor-image-box-wrapper{text-align:end;flex-direction:row-reverse}.elementor-widget-image-box.elementor-position-left .elementor-image-box-wrapper{text-align:start;flex-direction:row}.elementor-widget-image-box.elementor-position-top .elementor-image-box-img{margin:auto}.elementor-widget-image-box.elementor-vertical-align-top .elementor-image-box-wrapper{align-items:flex-start}.elementor-widget-image-box.elementor-vertical-align-middle .elementor-image-box-wrapper{align-items:center}.elementor-widget-image-box.elementor-vertical-align-bottom .elementor-image-box-wrapper{align-items:flex-end}}@media (max-width:767px){.elementor-widget-image-box .elementor-image-box-img{margin-left:auto!important;margin-right:auto!important;margin-bottom:15px}}.elementor-widget-image-box .elementor-image-box-img{display:inline-block}.elementor-widget-image-box .elementor-image-box-title a{color:inherit}.elementor-widget-image-box .elementor-image-box-wrapper{text-align:center}.elementor-widget-image-box .elementor-image-box-description{margin:0}<\/style><div class=\"elementor-image-box-wrapper\"><div class=\"elementor-image-box-content\"><h3 class=\"elementor-image-box-title\">Conoce nuestra esencia desde la ra\u00edz..<\/h3><p class=\"elementor-image-box-description\">Siempre innovando y mirando hacia el futuro, Flying Studio se ha reinventado con cada nuevo desaf\u00edo, buscando siempre alcanzar nuevos horizontes. Queremos ser tu socio ideal, potenciando tu lanzamiento a trav\u00e9s de la tecnolog\u00eda 3D. Con m\u00e1s de una d\u00e9cada de historia, hemos participado activamente en el \u00e9xito de nuestros socios, no solo produciendo im\u00e1genes y pel\u00edculas, sino tambi\u00e9n construyendo un gran legado. Nos diferenciamos por nuestra ilusi\u00f3n, perfil participativo y visi\u00f3n de mercado.<\/p><\/div><\/div>\t\t<\/div>\n\t\t\t\t<\/div>\n\t\t<div class=\"elementor-element elementor-element-17f89af e-con-full e-flex e-con e-child\" data-id=\"17f89af\" data-element_type=\"container\" data-settings=\"{&quot;_ha_eqh_enable&quot;:false}\">\n\t\t<div class=\"elementor-element elementor-element-bfe3567 e-con-full e-flex e-con e-child\" data-id=\"bfe3567\" data-element_type=\"container\" data-settings=\"{&quot;background_background&quot;:&quot;classic&quot;,&quot;_ha_eqh_enable&quot;:false}\">\n\t\t\t\t<div class=\"elementor-element elementor-element-5fa2ee5 ha-has-bg-overlay elementor-widget elementor-widget-heading\" data-id=\"5fa2ee5\" data-element_type=\"widget\" data-widget_type=\"heading.default\">\n\t\t\t\t<div class=\"elementor-widget-container\">\n\t\t\t<h2 class=\"elementor-heading-title elementor-size-default\">Cultura<\/h2>\t\t<\/div>\n\t\t\t\t<\/div>\n\t\t\t\t<div class=\"elementor-element elementor-element-5cad587 elementor-widget__width-initial elementor-widget elementor-widget-text-editor\" data-id=\"5cad587\" data-element_type=\"widget\" data-widget_type=\"text-editor.default\">\n\t\t\t\t<div class=\"elementor-widget-container\">\n\t\t\t<style>\/*! elementor - v3.23.0 - 05-08-2024 *\/\n.elementor-widget-text-editor.elementor-drop-cap-view-stacked .elementor-drop-cap{background-color:#69727d;color:#fff}.elementor-widget-text-editor.elementor-drop-cap-view-framed .elementor-drop-cap{color:#69727d;border:3px solid;background-color:transparent}.elementor-widget-text-editor:not(.elementor-drop-cap-view-default) .elementor-drop-cap{margin-top:8px}.elementor-widget-text-editor:not(.elementor-drop-cap-view-default) .elementor-drop-cap-letter{width:1em;height:1em}.elementor-widget-text-editor .elementor-drop-cap{float:left;text-align:center;line-height:1;font-size:50px}.elementor-widget-text-editor .elementor-drop-cap-letter{display:inline-block}<\/style>\t\t\t\t<p>Creemos en la creatividad, la colaboraci\u00f3n y la autenticidad, valorando a cada miembro de nuestro equipo y sus ideas. Nuestra cultura de evoluci\u00f3n continua fomenta el aprendizaje para alcanzar el \u00e9xito. \u00a1S\u00e9 genuino, innovador y \u00fanete a nosotros en este viaje hacia el futuro!<\/p>\t\t\t\t\t\t<\/div>\n\t\t\t\t<\/div>\n\t\t\t\t<\/div>\n\t\t<div class=\"elementor-element elementor-element-05092f1 e-con-full e-flex e-con e-child\" data-id=\"05092f1\" data-element_type=\"container\" data-settings=\"{&quot;background_background&quot;:&quot;classic&quot;,&quot;_ha_eqh_enable&quot;:false}\">\n\t\t\t\t<div class=\"elementor-element elementor-element-062fa9b ha-has-bg-overlay elementor-widget elementor-widget-heading\" data-id=\"062fa9b\" data-element_type=\"widget\" data-widget_type=\"heading.default\">\n\t\t\t\t<div class=\"elementor-widget-container\">\n\t\t\t<h2 class=\"elementor-heading-title elementor-size-default\">Prop\u00f3sito<\/h2>\t\t<\/div>\n\t\t\t\t<\/div>\n\t\t\t\t<div class=\"elementor-element elementor-element-e222bfc elementor-widget__width-initial elementor-widget elementor-widget-text-editor\" data-id=\"e222bfc\" data-element_type=\"widget\" data-widget_type=\"text-editor.default\">\n\t\t\t\t<div class=\"elementor-widget-container\">\n\t\t\t\t\t\t\t<p>Utilizamos el arte y la tecnolog\u00eda 3D como herramientas para anticiparnos al futuro, tejiendo sue\u00f1os y promoviendo experiencias que elevan el mercado inmobiliario a un nuevo nivel de belleza e innovaci\u00f3n. Valoramos cada detalle en la creaci\u00f3n de ambientes \u00fanicos y cautivadores, entendiendo las necesidades de nuestros clientes y transformando ideas en obras maestras..<\/p>\t\t\t\t\t\t<\/div>\n\t\t\t\t<\/div>\n\t\t\t\t<\/div>\n\t\t<div class=\"elementor-element elementor-element-25a204d e-con-full e-flex e-con e-child\" data-id=\"25a204d\" data-element_type=\"container\" data-settings=\"{&quot;background_background&quot;:&quot;classic&quot;,&quot;_ha_eqh_enable&quot;:false}\">\n\t\t\t\t<div class=\"elementor-element elementor-element-dd6df70 ha-has-bg-overlay elementor-widget elementor-widget-heading\" data-id=\"dd6df70\" data-element_type=\"widget\" data-widget_type=\"heading.default\">\n\t\t\t\t<div class=\"elementor-widget-container\">\n\t\t\t<h2 class=\"elementor-heading-title elementor-size-default\">Misi\u00f3n<\/h2>\t\t<\/div>\n\t\t\t\t<\/div>\n\t\t\t\t<div class=\"elementor-element elementor-element-73d34f1 elementor-widget__width-inherit elementor-widget elementor-widget-text-editor\" data-id=\"73d34f1\" data-element_type=\"widget\" data-widget_type=\"text-editor.default\">\n\t\t\t\t<div class=\"elementor-widget-container\">\n\t\t\t\t\t\t\t<p>Transformar la forma en que se presenta el mercado inmobiliario, ofreciendo experiencias visuales \u00fanicas y atractivas a trav\u00e9s de tecnolog\u00eda de punta e im\u00e1genes 3D que emocionan.\u00a0 \u00a0 \u00a0 \u00a0 \u00a0 \u00a0 \u00a0 \u00a0 \u00a0 \u00a0 \u00a0 \u00a0 \u00a0 \u00a0 \u00a0 \u00a0 \u00a0 \u00a0<\/p>\t\t\t\t\t\t<\/div>\n\t\t\t\t<\/div>\n\t\t\t\t<\/div>\n\t\t<div class=\"elementor-element elementor-element-93ddc4b e-con-full e-flex e-con e-child\" data-id=\"93ddc4b\" data-element_type=\"container\" data-settings=\"{&quot;background_background&quot;:&quot;classic&quot;,&quot;_ha_eqh_enable&quot;:false}\">\n\t\t\t\t<div class=\"elementor-element elementor-element-b44a332 ha-has-bg-overlay elementor-widget elementor-widget-heading\" data-id=\"b44a332\" data-element_type=\"widget\" data-widget_type=\"heading.default\">\n\t\t\t\t<div class=\"elementor-widget-container\">\n\t\t\t<h2 class=\"elementor-heading-title elementor-size-default\">Visi\u00f3n<\/h2>\t\t<\/div>\n\t\t\t\t<\/div>\n\t\t\t\t<div class=\"elementor-element elementor-element-ac88171 elementor-widget__width-inherit elementor-widget elementor-widget-text-editor\" data-id=\"ac88171\" data-element_type=\"widget\" data-widget_type=\"text-editor.default\">\n\t\t\t\t<div class=\"elementor-widget-container\">\n\t\t\t\t\t\t\t<p>Ser reconocidos como un referente en soluciones tecnol\u00f3gicas y visuales en el mercado inmobiliario nacional e internacional, generando un impacto positivo a trav\u00e9s de creaciones inspiradoras y memorables.<\/p>\t\t\t\t\t\t<\/div>\n\t\t\t\t<\/div>\n\t\t\t\t<\/div>\n\t\t<div class=\"elementor-element elementor-element-78892fd e-con-full e-flex e-con e-child\" data-id=\"78892fd\" data-element_type=\"container\" data-settings=\"{&quot;background_background&quot;:&quot;classic&quot;,&quot;_ha_eqh_enable&quot;:false}\">\n\t\t\t\t<div class=\"elementor-element elementor-element-4237840 ha-has-bg-overlay elementor-widget elementor-widget-heading\" data-id=\"4237840\" data-element_type=\"widget\" data-widget_type=\"heading.default\">\n\t\t\t\t<div class=\"elementor-widget-container\">\n\t\t\t<h2 class=\"elementor-heading-title elementor-size-default\">Valores<\/h2>\t\t<\/div>\n\t\t\t\t<\/div>\n\t\t\t\t<div class=\"elementor-element elementor-element-e4621bb elementor-widget__width-inherit elementor-widget elementor-widget-text-editor\" data-id=\"e4621bb\" data-element_type=\"widget\" data-widget_type=\"text-editor.default\">\n\t\t\t\t<div class=\"elementor-widget-container\">\n\t\t\t\t\t\t\t<p>Innovaci\u00f3n, calidad, integridad, colaboraci\u00f3n, pasi\u00f3n y responsabilidad son nuestras consignas. Siempre estamos buscando soluciones creativas y sorprendentes para nuestros clientes, sin comprometer la excelencia en el servicio.<\/p><p>\u00a0<\/p>\t\t\t\t\t\t<\/div>\n\t\t\t\t<\/div>\n\t\t\t\t<\/div>\n\t\t\t\t<\/div>\n\t\t\t\t\t<\/div>\n\t\t\t\t<\/div>\n\t\t\t\t\t<\/div>\n\t\t\t\t<\/div>\n\t\t\t\t<\/div>\n\t\t","protected":false},"excerpt":{"rendered":"<p>DNA Flying Studio. Conoce nuestra esencia desde la ra\u00edz.. Siempre innovando y mirando hacia el futuro, Flying Studio se ha reinventado con cada nuevo desaf\u00edo, buscando siempre alcanzar nuevos horizontes. Queremos ser tu socio ideal, potenciando tu lanzamiento a trav\u00e9s de la tecnolog\u00eda 3D. Con m\u00e1s de una d\u00e9cada de historia, hemos participado activamente en [&hellip;]<\/p>\n","protected":false},"author":1,"featured_media":0,"parent":0,"menu_order":0,"comment_status":"closed","ping_status":"closed","template":"","meta":{"_themeisle_gutenberg_block_has_review":false,"footnotes":""},"class_list":["post-5613","page","type-page","status-publish","hentry"],"_links":{"self":[{"href":"https:\/\/flyingstudio.com.br\/es\/wp-json\/wp\/v2\/pages\/5613","targetHints":{"allow":["GET"]}}],"collection":[{"href":"https:\/\/flyingstudio.com.br\/es\/wp-json\/wp\/v2\/pages"}],"about":[{"href":"https:\/\/flyingstudio.com.br\/es\/wp-json\/wp\/v2\/types\/page"}],"author":[{"embeddable":true,"href":"https:\/\/flyingstudio.com.br\/es\/wp-json\/wp\/v2\/users\/1"}],"replies":[{"embeddable":true,"href":"https:\/\/flyingstudio.com.br\/es\/wp-json\/wp\/v2\/comments?post=5613"}],"version-history":[{"count":16,"href":"https:\/\/flyingstudio.com.br\/es\/wp-json\/wp\/v2\/pages\/5613\/revisions"}],"predecessor-version":[{"id":5893,"href":"https:\/\/flyingstudio.com.br\/es\/wp-json\/wp\/v2\/pages\/5613\/revisions\/5893"}],"wp:attachment":[{"href":"https:\/\/flyingstudio.com.br\/es\/wp-json\/wp\/v2\/media?parent=5613"}],"curies":[{"name":"wp","href":"https:\/\/api.w.org\/{rel}","templated":true}]}}